{"id":9455,"date":"2025-08-30T14:03:12","date_gmt":"2025-08-30T13:03:12","guid":{"rendered":"https:\/\/ats.sti-beziers.fr\/?page_id=9455"},"modified":"2026-04-02T13:54:54","modified_gmt":"2026-04-02T12:54:54","slug":"programme-de-colles-sii-gm-2","status":"publish","type":"page","link":"https:\/\/ats.sti-beziers.fr\/?page_id=9455","title":{"rendered":"Programme de colles SII GM"},"content":{"rendered":"<h1 style=\"text-align: center;\"><span style=\"color: #365f91;\">Semaine 23 du 06\/04 au 10\/04<\/span><\/h1>\n<h2><strong><span style=\"color: #365f91;\">Energie cin\u00e9tique<\/span><\/strong><\/h2>\n<ul>\n<li style=\"list-style-type: none;\">\n<ul>\n<li style=\"text-align: left;\">Ensemble du cours<\/li>\n<\/ul>\n<\/li>\n<\/ul>\n<hr \/>\n<h1 style=\"text-align: center;\"><span style=\"color: #365f91;\">Semaine 22 du 30\/03 au 03\/04<\/span><\/h1>\n<h2><strong><span style=\"color: #365f91;\">Energie cin\u00e9tique<\/span><\/strong><\/h2>\n<ul>\n<li style=\"list-style-type: none;\">\n<ul>\n<li style=\"text-align: left;\">Ensemble du cours<\/li>\n<\/ul>\n<\/li>\n<\/ul>\n<hr \/>\n<h1 style=\"text-align: center;\"><span style=\"color: #365f91;\">Semaine 21 du 16\/03 au 20\/03<\/span><\/h1>\n<h2><strong><span style=\"color: #365f91;\">Energie cin\u00e9tique<\/span><\/strong><\/h2>\n<ul>\n<li style=\"list-style-type: none;\">\n<ul>\n<li style=\"text-align: left;\">Ensemble du cours<\/li>\n<\/ul>\n<\/li>\n<\/ul>\n<hr \/>\n<h1 style=\"text-align: center;\"><span style=\"color: #365f91;\">Semaine 20 du 09\/03 au 13\/03<\/span><\/h1>\n<h2><strong><span style=\"color: #365f91;\">Energie cin\u00e9tique<\/span><\/strong><\/h2>\n<ul>\n<li style=\"list-style-type: none;\">\n<ul>\n<li style=\"text-align: left;\">Ensemble du cours (sauf rendement)<\/li>\n<\/ul>\n<\/li>\n<\/ul>\n<hr \/>\n<h1 style=\"text-align: center;\"><span style=\"color: #365f91;\">Semaine 19 du 16\/02 au 20\/02<\/span><\/h1>\n<h2><strong><span style=\"color: #365f91;\">Dynamique<\/span><\/strong><\/h2>\n<ul>\n<li style=\"list-style-type: none;\">\n<ul>\n<li style=\"text-align: left;\">Ensemble du cours (et apprendre les formules !)<\/li>\n<\/ul>\n<\/li>\n<\/ul>\n<hr \/>\n<h1 style=\"text-align: center;\"><span style=\"color: #365f91;\">Semaine 18 du 09\/02 au 13\/02<\/span><\/h1>\n<h2><strong><span style=\"color: #365f91;\">Dynamique<\/span><\/strong><\/h2>\n<ul>\n<li style=\"list-style-type: none;\">\n<ul>\n<li style=\"text-align: left;\">Ensemble du cours<\/li>\n<\/ul>\n<\/li>\n<\/ul>\n<hr \/>\n<h1 style=\"text-align: center;\"><span style=\"color: #365f91;\">Semaine 17 du 02\/02 au 06\/02<\/span><\/h1>\n<h2><strong><span style=\"color: #365f91;\">Dynamique<\/span><\/strong><\/h2>\n<ul>\n<li style=\"list-style-type: none;\">\n<ul>\n<li style=\"text-align: left;\">Ensemble du cours<\/li>\n<\/ul>\n<\/li>\n<\/ul>\n<hr \/>\n<h1 style=\"text-align: center;\"><span style=\"color: #365f91;\">Semaine 16 du 26\/01 au 30\/01<\/span><\/h1>\n<h2><strong><span style=\"color: #365f91;\">Dynamique<\/span><\/strong><\/h2>\n<h3>Caract\u00e9ristiques d\u2019inertie des solides<\/h3>\n<ul>\n<li style=\"list-style-type: none;\">\n<ul>\n<li>Matrice d\u2019inertie<\/li>\n<li>Matrice d\u2019inertie de solides particuliers<\/li>\n<li>Matrice d&rsquo;inertie de quelques solides\n<ul>\n<li>Parall\u00e9l\u00e9pip\u00e8de rectangle<\/li>\n<li>Cylindre de r\u00e9volution<\/li>\n<\/ul>\n<\/li>\n<\/ul>\n<\/li>\n<\/ul>\n<h3>\u00a0Cin\u00e9tique<\/h3>\n<ul>\n<li style=\"list-style-type: none;\">\n<ul>\n<li>Calcul du moment cin\u00e9tique pour les cas particuliers de A\u00a0:\n<ul>\n<li>si A est confondu avec le centre d\u2019inertie<\/li>\n<li>si A est un point fixe de R<\/li>\n<\/ul>\n<\/li>\n<li>Torseur dynamique\n<ul>\n<li>R\u00e9sultante dynamique<\/li>\n<li>Calcul du moment dynamique pour les cas particuliers de A\u00a0:\n<ul>\n<li>si A est confondu avec le centre d\u2019inertie<\/li>\n<li>si A est un point fixe de R<\/li>\n<\/ul>\n<\/li>\n<li>Strat\u00e9gie de calcul du moment dynamique<\/li>\n<\/ul>\n<\/li>\n<\/ul>\n<\/li>\n<\/ul>\n<h3>PFD<\/h3>\n<ul>\n<li style=\"list-style-type: none;\">\n<ul>\n<li>Exercices\u00a0:\n<ul>\n<li>Solides en rotation autour d\u2019un axe fixe<\/li>\n<\/ul>\n<\/li>\n<\/ul>\n<\/li>\n<\/ul>\n<hr \/>\n<h1 style=\"text-align: center;\"><span style=\"color: #365f91;\">Semaine 15 du 19\/01 au 23\/01<\/span><\/h1>\n<h2><strong><span style=\"color: #365f91;\">RdM<\/span><\/strong><\/h2>\n<p><strong>Cours :<\/strong> Conna\u00eetre toues les formules du cours<\/p>\n<p><strong>Application :<\/strong><\/p>\n<ul>\n<li>Calcul des efforts inconnues sur les appuis.<\/li>\n<li>Calcul du torseur de coh\u00e9sion.<\/li>\n<li>Calcul des contraintes (Traction et flexion simple).<\/li>\n<li>Calcul des d\u00e9form\u00e9es.<\/li>\n<li>Calcul de l&rsquo;allongement.<\/li>\n<\/ul>\n<hr \/>\n<h1 style=\"text-align: center;\"><span style=\"color: #365f91;\">Semaine 14 du 12\/01 au 16\/01<\/span><\/h1>\n<h2><strong><span style=\"color: #365f91;\">RdM<\/span><\/strong><\/h2>\n<p><strong>Cours :<\/strong> Conna\u00eetre toues les formules du cours<\/p>\n<p><strong>Application :<\/strong><\/p>\n<ul>\n<li>Calcul des efforts inconnues sur les appuis<\/li>\n<li>Calcul du torseur de coh\u00e9sion (exemple 1 \u00e0 3 du cours)<\/li>\n<\/ul>\n<hr \/>\n<h1 style=\"text-align: center;\"><span style=\"color: #365f91;\">Semaine 13 du 05\/01 au 09\/01<\/span><\/h1>\n<h2><strong><span style=\"color: #365f91;\">Statique<\/span><\/strong><\/h2>\n<ul>\n<li>PFS<\/li>\n<li>M\u00e9canisme plan et statique plane<\/li>\n<li>Lois de frottement de Coulomb<\/li>\n<\/ul>\n<hr \/>\n<h1 style=\"text-align: center;\"><span style=\"color: #365f91;\">Semaine 12 du 15\/12 au 19\/12<\/span><\/h1>\n<h2><strong><span style=\"color: #365f91;\">Statique<\/span><\/strong><\/h2>\n<ul>\n<li>Torseurs des actions m\u00e9caniques des liaisons parfaites<\/li>\n<li>PFS<\/li>\n<li>M\u00e9canisme plan et statique plane<\/li>\n<\/ul>\n<hr \/>\n<h1 style=\"text-align: center;\"><span style=\"color: #365f91;\">Semaine 11 du 08\/12 au 12\/12<\/span><\/h1>\n<h2><strong><span style=\"color: #365f91;\">Statique<\/span><\/strong><\/h2>\n<ul>\n<li>Torseurs des actions m\u00e9caniques des liaisons parfaites<\/li>\n<li>PFS<\/li>\n<li>M\u00e9canisme plan et statique plane<\/li>\n<\/ul>\n<hr \/>\n<h1 style=\"text-align: center;\"><span style=\"color: #365f91;\">Semaine 10 du 01\/12 au 05\/12<\/span><\/h1>\n<h2><strong><span style=\"color: #365f91;\">Mod\u00e9lisation des actions m\u00e9caniques<\/span><\/strong><\/h2>\n<ul>\n<li>Transport d&rsquo;un torseur des actions m\u00e9caniques<\/li>\n<li>Action m\u00e9canique de la pesanteur<\/li>\n<li>Torseurs des actions m\u00e9caniques des liaisons parfaites<\/li>\n<\/ul>\n<h2><strong><span style=\"color: #365f91;\">Statique<\/span><\/strong><\/h2>\n<ul>\n<li>Torseurs des actions m\u00e9caniques des liaisons parfaites<\/li>\n<li>PFS (Probl\u00e8me de statique plane hors programme)<\/li>\n<\/ul>\n<hr \/>\n<h1 style=\"text-align: center;\"><span style=\"color: #365f91;\">Semaine 9 du 24\/11 au 28\/11<\/span><\/h1>\n<h2><strong><span style=\"color: #365f91;\">Mod\u00e9lisation des actions m\u00e9caniques<\/span><\/strong><\/h2>\n<ul>\n<li>Transport d&rsquo;un torseur des actions m\u00e9caniques<\/li>\n<li>Action m\u00e9canique de la pesanteur<\/li>\n<li>Calcul de la position du centre de gravit\u00e9 (m\u00e9thode du barycentre)<\/li>\n<li>Torseurs des actions m\u00e9caniques des liaisons parfaites<\/li>\n<\/ul>\n<h2><strong><span style=\"color: #365f91;\">Statique<\/span><\/strong><\/h2>\n<ul>\n<li>Torseurs des actions m\u00e9caniques des liaisons parfaites<\/li>\n<li>PFS (Probl\u00e8me de statique plane hors programme)<\/li>\n<\/ul>\n<hr \/>\n<h1 style=\"text-align: center;\"><span style=\"color: #365f91;\">Semaine 8 du 17\/11 au 21\/11<\/span><\/h1>\n<h2><strong><span style=\"color: #365f91;\">Mod\u00e9lisation des actions m\u00e9caniques<\/span><\/strong><\/h2>\n<ul>\n<li>Transport d&rsquo;un torseur des actions m\u00e9caniques<\/li>\n<li>Action m\u00e9canique de la pesanteur<\/li>\n<li>Calcul de la position du centre de gravit\u00e9 (m\u00e9thode du barycentre)<\/li>\n<li>Torseurs des actions m\u00e9caniques des liaisons parfaites<\/li>\n<\/ul>\n<hr \/>\n<h1 style=\"text-align: center;\"><span style=\"color: #365f91;\">Semaine 7 du 10\/11 au 14\/11<\/span><\/h1>\n<h2><strong><span style=\"color: #365f91;\">Cin\u00e9matique<\/span><\/strong><\/h2>\n<h3><strong><span style=\"color: #365f91;\">Cin\u00e9matique du solide<\/span><\/strong><\/h3>\n<ul>\n<li>Torseur cin\u00e9matique<\/li>\n<li>Composition des mouvements<\/li>\n<li>Contact entre solides\n<ul>\n<li>Avec glissement<\/li>\n<li>Roulement sans glissement<\/li>\n<\/ul>\n<\/li>\n<li>Torseurs cin\u00e9matiques associ\u00e9s aux liaisons normalis\u00e9es (parfaites)<\/li>\n<\/ul>\n<h2><strong><span style=\"color: #365f91;\">Transmission de puissance<\/span><\/strong><\/h2>\n<ul>\n<li>Etude cin\u00e9matique d\u2019un train simple<\/li>\n<\/ul>\n<hr \/>\n<h1 style=\"text-align: center;\"><span style=\"color: #365f91;\">Semaine 6 du 03\/11 au 07\/11<\/span><\/h1>\n<h2><strong><span style=\"color: #365f91;\">Cin\u00e9matique<\/span><\/strong><\/h2>\n<h3><strong><span style=\"color: #365f91;\">Cin\u00e9matique du solide<\/span><\/strong><\/h3>\n<ul>\n<li>Torseur cin\u00e9matique<\/li>\n<li>Composition des mouvements<\/li>\n<li>Contact entre solides\n<ul>\n<li>Avec glissement<\/li>\n<li>Roulement sans glissement<\/li>\n<\/ul>\n<\/li>\n<li>Torseurs cin\u00e9matiques associ\u00e9s aux liaisons normalis\u00e9es (parfaites)<\/li>\n<\/ul>\n<h2><strong><span style=\"color: #365f91;\">Transmission de puissance<\/span><\/strong><\/h2>\n<ul>\n<li>Etude cin\u00e9matique d\u2019un train simple<\/li>\n<\/ul>\n<hr \/>\n<h1 style=\"text-align: center;\"><span style=\"color: #365f91;\">Sema<\/span><span style=\"color: #365f91;\">ine<\/span><span style=\"color: #365f91;\"> 5 du 13\/10 au 17\/10<\/span><\/h1>\n<h2><span style=\"color: #365f91;\">Rappel\u00a0: Vecteurs<\/span><\/h2>\n<ul>\n<li>Produit scalaire et produit vectoriel<\/li>\n<\/ul>\n<h2><span style=\"color: #365f91;\">Cin\u00e9matique<\/span><\/h2>\n<h3><span style=\"color: #365f91;\">Cin\u00e9matique du point<\/span><\/h3>\n<ul>\n<li>Trajectoire, Vecteur position, vitesse et acc\u00e9l\u00e9ration<\/li>\n<li>D\u00e9rivation vectorielle<\/li>\n<\/ul>\n<h3><span style=\"color: #365f91;\">Cin\u00e9matique du solide<\/span><\/h3>\n<ul>\n<li>Torseur cin\u00e9matique<\/li>\n<li>Composition des mouvements, champ des vecteurs vitesses<\/li>\n<li>Torseurs cin\u00e9matiques associ\u00e9s aux liaisons normalis\u00e9es (tableau derni\u00e8re page du cours <em>Cin\u00e9matique du solide<\/em>)<\/li>\n<\/ul>\n<hr \/>\n<h1 style=\"text-align: center;\"><span style=\"color: #365f91;\">Sema<\/span><span style=\"color: #365f91;\">ine<\/span><span style=\"color: #365f91;\"> 4 du 6\/10 au 10\/10<\/span><\/h1>\n<h2><span style=\"color: #365f91;\">Rappel\u00a0: Vecteurs<\/span><\/h2>\n<ul>\n<li>Produit scalaire et produit vectoriel<\/li>\n<\/ul>\n<h2><span style=\"color: #365f91;\">Cin\u00e9matique<\/span><\/h2>\n<h3><span style=\"color: #365f91;\">Cin\u00e9matique du point<\/span><\/h3>\n<ul>\n<li>Trajectoire, Vecteur position, vitesse et acc\u00e9l\u00e9ration<\/li>\n<li>D\u00e9rivation vectorielle<\/li>\n<\/ul>\n<h3><span style=\"color: #365f91;\">Cin\u00e9matique du solide<\/span><\/h3>\n<ul>\n<li>Torseur cin\u00e9matique<\/li>\n<li>Composition des mouvements<\/li>\n<li>Torseurs cin\u00e9matiques associ\u00e9s aux liaisons normalis\u00e9es (parfaites)<\/li>\n<\/ul>\n<hr \/>\n<h1 style=\"text-align: center;\"><span style=\"color: #365f91;\">Sema<\/span><span style=\"color: #365f91;\">ine<\/span><span style=\"color: #365f91;\"> 3 du 29\/09 au 03\/10<\/span><\/h1>\n<h2><span style=\"color: #365f91;\">Rappel\u00a0: Vecteurs<\/span><\/h2>\n<ul>\n<li>Produit scalaire et produit vectoriel<\/li>\n<\/ul>\n<h2><span style=\"color: #365f91;\">Cin\u00e9matique<\/span><\/h2>\n<h3><span style=\"color: #365f91;\">Cin\u00e9matique du point<\/span><\/h3>\n<ul>\n<li>Trajectoire, Vecteur position, vitesse et acc\u00e9l\u00e9ration<\/li>\n<li>D\u00e9rivation vectorielle (seule la m\u00e9thode de calcul de la vitesse par d\u00e9rivation d&rsquo;un vecteur position est exig\u00e9e)<\/li>\n<\/ul>\n<hr \/>\n<h1 style=\"text-align: center;\"><span style=\"color: #365f91;\">Sema<\/span><span style=\"color: #365f91;\">ine<\/span><span style=\"color: #365f91;\"> 2 du 22\/09 au 26\/09<\/span><\/h1>\n<h2><span style=\"color: #365f91;\"> Rappel\u00a0: Vecteurs<\/span><\/h2>\n<ul>\n<li>Produit scalaire et produit vectoriel<\/li>\n<\/ul>\n<h2><span style=\"color: #365f91;\">Etude g\u00e9om\u00e9trique des m\u00e9canismes<\/span><\/h2>\n<ul>\n<li>Mod\u00e9lisation et param\u00e9trage des liaisons m\u00e9caniques<\/li>\n<li>Graphe des liaisons<\/li>\n<li>Loi d\u2019entr\u00e9e-sortie d\u2019un m\u00e9canisme<\/li>\n<\/ul>\n<hr \/>\n<h1 style=\"text-align: center;\"><span style=\"color: #365f91;\">Sema<\/span><span style=\"color: #365f91;\">ine<\/span><span style=\"color: #365f91;\"> 1 du 15\/09 au 19\/09<\/span><\/h1>\n<h2><span style=\"color: #365f91;\"> Rappel\u00a0: Vecteurs<\/span><\/h2>\n<ul>\n<li>Produit scalaire<\/li>\n<\/ul>\n<h2><span style=\"color: #365f91;\">Etude g\u00e9om\u00e9trique des m\u00e9canismes<\/span><\/h2>\n<ul>\n<li>Mod\u00e9lisation et param\u00e9trage des liaisons m\u00e9caniques<\/li>\n<li>Graphe des liaisons<\/li>\n<li>Loi d\u2019entr\u00e9e-sortie d\u2019un m\u00e9canisme<\/li>\n<\/ul>\n","protected":false},"excerpt":{"rendered":"<p>Semaine 23 du 06\/04 au 10\/04 Energie cin\u00e9tique Ensemble du cours Semaine 22 du 30\/03 au 03\/04 Energie cin\u00e9tique Ensemble du cours Semaine 21 du 16\/03 au 20\/03 Energie cin\u00e9tique Ensemble du cours Semaine 20 du 09\/03 au 13\/03 Energie &hellip; <a href=\"https:\/\/ats.sti-beziers.fr\/?page_id=9455\">Continuer la lecture <span class=\"meta-nav\">&rarr;<\/span><\/a><\/p>\n","protected":false},"author":8,"featured_media":0,"parent":0,"menu_order":0,"comment_status":"closed","ping_status":"closed","template":"","meta":[],"_links":{"self":[{"href":"https:\/\/ats.sti-beziers.fr\/index.php?rest_route=\/wp\/v2\/pages\/9455"}],"collection":[{"href":"https:\/\/ats.sti-beziers.fr\/index.php?rest_route=\/wp\/v2\/pages"}],"about":[{"href":"https:\/\/ats.sti-beziers.fr\/index.php?rest_route=\/wp\/v2\/types\/page"}],"author":[{"embeddable":true,"href":"https:\/\/ats.sti-beziers.fr\/index.php?rest_route=\/wp\/v2\/users\/8"}],"replies":[{"embeddable":true,"href":"https:\/\/ats.sti-beziers.fr\/index.php?rest_route=%2Fwp%2Fv2%2Fcomments&post=9455"}],"version-history":[{"count":32,"href":"https:\/\/ats.sti-beziers.fr\/index.php?rest_route=\/wp\/v2\/pages\/9455\/revisions"}],"predecessor-version":[{"id":10617,"href":"https:\/\/ats.sti-beziers.fr\/index.php?rest_route=\/wp\/v2\/pages\/9455\/revisions\/10617"}],"wp:attachment":[{"href":"https:\/\/ats.sti-beziers.fr\/index.php?rest_route=%2Fwp%2Fv2%2Fmedia&parent=9455"}],"curies":[{"name":"wp","href":"https:\/\/api.w.org\/{rel}","templated":true}]}}