{"id":60,"date":"2013-10-28T21:45:45","date_gmt":"2013-10-28T20:45:45","guid":{"rendered":"http:\/\/sti-beziers.fr\/ats-wp\/?page_id=60"},"modified":"2026-01-20T13:53:36","modified_gmt":"2026-01-20T12:53:36","slug":"postuler","status":"publish","type":"page","link":"https:\/\/ats.sti-beziers.fr\/?page_id=60","title":{"rendered":"Postuler"},"content":{"rendered":"<ul>\n<li>Dossier de candidature \u00e0 t\u00e9l\u00e9charger: <a href=\"https:\/\/ats.sti-beziers.fr\/wp-content\/uploads\/2026\/01\/dossier_candidature_ATS_2026.pdf\">dossier_candidature_ATS_2026<\/a><\/li>\n<li>Les dossiers compl\u00e9t\u00e9s doivent \u00eatre renvoy\u00e9s \u00e0 l&rsquo;\u00e9tablissement que vous avez choisi en premier v\u0153u avant le\u00a0<span style=\"background-color: #ffff00;\"> 22 mai 2026<\/span><\/li>\n<\/ul>\n<p>Attention! Il est interdit d&rsquo;envoyer plusieurs dossiers de candidatures en ATS. Toute candidature \u00ab\u00a0multiple\u00a0\u00bb identifi\u00e9e sera automatiquement refus\u00e9e.<\/p>\n<p><strong><u>Adresse de retour des dossiers pour l&rsquo;ATS de B\u00e9ziers:<\/u> \u00a0\u00a0\u00a0\u00a0\u00a0\u00a0\u00a0\u00a0\u00a0\u00a0\u00a0\u00a0\u00a0\u00a0\u00a0\u00a0\u00a0\u00a0\u00a0\u00a0\u00a0\u00a0\u00a0\u00a0\u00a0\u00a0\u00a0\u00a0\u00a0\u00a0\u00a0\u00a0\u00a0\u00a0\u00a0\u00a0\u00a0\u00a0\u00a0\u00a0\u00a0\u00a0 <\/strong>Lyc\u00e9e Jean MOULIN\u00a0\u00a0\u00a0\u00a0\u00a0\u00a0\u00a0\u00a0\u00a0\u00a0\u00a0\u00a0\u00a0\u00a0\u00a0\u00a0\u00a0\u00a0\u00a0\u00a0\u00a0\u00a0\u00a0\u00a0\u00a0\u00a0\u00a0\u00a0\u00a0\u00a0\u00a0\u00a0\u00a0\u00a0\u00a0\u00a0\u00a0\u00a0\u00a0\u00a0\u00a0\u00a0\u00a0\u00a0\u00a0\u00a0\u00a0\u00a0\u00a0\u00a0\u00a0\u00a0\u00a0\u00a0\u00a0\u00a0\u00a0\u00a0\u00a0\u00a0\u00a0\u00a0\u00a0\u00a0\u00a0\u00a0\u00a0\u00a0\u00a0\u00a0\u00a0\u00a0\u00a0\u00a0\u00a0\u00a0\u00a0\u00a0\u00a0\u00a0\u00a0\u00a0\u00a0\u00a0\u00a0\u00a0\u00a0\u00a0\u00a0\u00a0\u00a0\u00a0\u00a0\u00a0\u00a0\u00a0 \u00a0 \u00a0 \u00a0 \u00a0\u00a0\u00a0\u00a0\u00a0\u00a0\u00a0\u00a0\u00a0\u00a0\u00a0 Recrutement ATS &#8211; Mme Bernadat<br \/>\nAv des\u00a0 Martyrs\u00a0 de la R\u00e9sistance\u00a0\u00a0\u00a0\u00a0\u00a0\u00a0\u00a0\u00a0\u00a0\u00a0\u00a0\u00a0\u00a0\u00a0\u00a0\u00a0\u00a0\u00a0\u00a0\u00a0\u00a0\u00a0\u00a0\u00a0\u00a0\u00a0\u00a0\u00a0\u00a0\u00a0\u00a0\u00a0\u00a0\u00a0\u00a0\u00a0\u00a0\u00a0\u00a0\u00a0\u00a0\u00a0\u00a0\u00a0\u00a0\u00a0\u00a0\u00a0\u00a0\u00a0\u00a0\u00a0\u00a0\u00a0\u00a0\u00a0\u00a0\u00a0\u00a0\u00a0\u00a0\u00a0\u00a0\u00a0\u00a0\u00a0\u00a0\u00a0\u00a0\u00a0\u00a0\u00a0\u00a0\u00a0\u00a0\u00a0\u00a0\u00a0\u00a0\u00a0\u00a0\u00a0\u00a0\u00a0\u00a0\u00a0\u00a0\u00a0\u00a0\u00a0\u00a0\u00a0\u00a0\u00a0 \u00a0 \u00a0 \u00a0 \u00a0 BP 745 &#8211; 34521 BEZIERS CEDEX<\/p>\n<p>Nous attirons votre attention sur la n\u00e9cessit\u00e9 de compl\u00e9ter toutes les rubriques du dossier et de mentionner tr\u00e8s lisiblement votre adresse \u00e9lectronique et votre num\u00e9ro de t\u00e9l\u00e9phone. Nous vous conseillons de garder une copie num\u00e9rique de votre dossier rempli (que vous pouvez nous adresser par <a href=\"mailto:Severine.Bernadat@ac-montpellier.fr\">mail<\/a>, si notre lyc\u00e9e est votre premier v\u0153u).<\/p>\n<p>Pour demander une place en internat, n\u2019oubliez pas de cocher la case INTERNE (et pas INTERNE-EXTERNE). Nous vous rappelons que <strong>l&rsquo;internat du lyc\u00e9e Jean Moulin est ferm\u00e9 le vendredi soir, samedi soir<\/strong>.<\/p>\n<ul>\n<li>Le lyc\u00e9e vous informe des r\u00e9sultats au mois de juin apr\u00e8s la commission de recrutement.<\/li>\n<li>L\u2019admission n\u2019est d\u00e9finitive qu\u2019apr\u00e8s obtention du BTS ou la validation des deux premi\u00e8res ann\u00e9es de BUT.<\/li>\n<\/ul>\n<table>\n<tbody>\n<tr>\n<td style=\"background-color: #d4cdcd;\"><strong>Demande de bourse :<\/strong>\u00a0pour les \u00e9tudiants qui font une demande de bourse, le lyc\u00e9e Jean Moulin appara\u00eet dans la rubrique \u00ab\u00a0CPGE 2\u00e8me ann\u00e9e\u00a0\u00bb.<\/td>\n<\/tr>\n<\/tbody>\n<\/table>\n<p>&nbsp;<\/p>\n","protected":false},"excerpt":{"rendered":"<p>Dossier de candidature \u00e0 t\u00e9l\u00e9charger: dossier_candidature_ATS_2026 Les dossiers compl\u00e9t\u00e9s doivent \u00eatre renvoy\u00e9s \u00e0 l&rsquo;\u00e9tablissement que vous avez choisi en premier v\u0153u avant le\u00a0 22 mai 2026 Attention! Il est interdit d&rsquo;envoyer plusieurs dossiers de candidatures en ATS. Toute candidature \u00ab\u00a0multiple\u00a0\u00bb &hellip; <a href=\"https:\/\/ats.sti-beziers.fr\/?page_id=60\">Continuer la lecture <span class=\"meta-nav\">&rarr;<\/span><\/a><\/p>\n","protected":false},"author":1,"featured_media":0,"parent":0,"menu_order":0,"comment_status":"closed","ping_status":"closed","template":"","meta":[],"_links":{"self":[{"href":"https:\/\/ats.sti-beziers.fr\/index.php?rest_route=\/wp\/v2\/pages\/60"}],"collection":[{"href":"https:\/\/ats.sti-beziers.fr\/index.php?rest_route=\/wp\/v2\/pages"}],"about":[{"href":"https:\/\/ats.sti-beziers.fr\/index.php?rest_route=\/wp\/v2\/types\/page"}],"author":[{"embeddable":true,"href":"https:\/\/ats.sti-beziers.fr\/index.php?rest_route=\/wp\/v2\/users\/1"}],"replies":[{"embeddable":true,"href":"https:\/\/ats.sti-beziers.fr\/index.php?rest_route=%2Fwp%2Fv2%2Fcomments&post=60"}],"version-history":[{"count":51,"href":"https:\/\/ats.sti-beziers.fr\/index.php?rest_route=\/wp\/v2\/pages\/60\/revisions"}],"predecessor-version":[{"id":10256,"href":"https:\/\/ats.sti-beziers.fr\/index.php?rest_route=\/wp\/v2\/pages\/60\/revisions\/10256"}],"wp:attachment":[{"href":"https:\/\/ats.sti-beziers.fr\/index.php?rest_route=%2Fwp%2Fv2%2Fmedia&parent=60"}],"curies":[{"name":"wp","href":"https:\/\/api.w.org\/{rel}","templated":true}]}}