{"id":58,"date":"2013-10-28T21:36:52","date_gmt":"2013-10-28T20:36:52","guid":{"rendered":"http:\/\/sti-beziers.fr\/ats-wp\/?page_id=58"},"modified":"2013-10-28T21:56:23","modified_gmt":"2013-10-28T20:56:23","slug":"temoignages","status":"publish","type":"page","link":"https:\/\/ats.sti-beziers.fr\/?page_id=58","title":{"rendered":"T\u00e9moignages"},"content":{"rendered":"<h4><span style=\"color: #800000;\">Betty C. (ENS Cachan)<\/span><\/h4>\n<p>La grande majorit\u00e9 des \u00e9tudiants de la promo vient de pr\u00e9pa PT et PSI (\u2026). Ce qui est certain, c&rsquo;est que jamais je n&rsquo;aurais pu int\u00e9grer l\u2019ENS et arriver \u00e0 suivre sans avoir fait la pr\u00e9pa ATS.<\/p>\n<h4><span style=\"color: #800000;\">\u00a0Yoann C. (Mines d\u2019Al\u00e8s)<\/span><\/h4>\n<p>Pour ma part, apr\u00e8s avoir obtenu mon DUT Mesures Physiques, je n&rsquo;\u00e9tais pas un \u00e9l\u00e8ve qui avait une grande confiance en ses capacit\u00e9s. Cette ann\u00e9e au Lyc\u00e9e Jean Moulin m&rsquo;a permis de me d\u00e9couvrir.<\/p>\n<h4><span style=\"color: #800000;\">\u00a0Mathieu P. (Polytech Lille)<\/span><\/h4>\n<p>Cela valait vraiment le coup de bosser une ann\u00e9e en ATS !<\/p>\n<h4><span style=\"color: #800000;\">\u00a0Hassan S. (ESIX)<\/span><\/h4>\n<p>Pour ma part, l&rsquo;ATS m&rsquo;a apport\u00e9 une m\u00e9thode de travail de la rigueur et confiance en moi. (\u2026) En fait je garde un tr\u00e8s bon souvenir de cette exp\u00e9rience, mon seul regret c&rsquo;est de ne pas avoir travaill\u00e9 assez.<\/p>\n<h4><span style=\"color: #800000;\">\u00a0Justin M. (CNAM Avignon)<\/span><\/h4>\n<p>Ma formation en BTS MAI me permet d&rsquo;\u00eatre \u00e0 l&rsquo;aise dans toutes les mati\u00e8res technologiques (automatisme, m\u00e9canique et \u00e9lectrotechnique). Et gr\u00e2ce \u00e0 la pr\u00e9pa ATS, les math\u00e9matiques ainsi que la physique me paraissent plus \u00ab\u00a0accessibles\u00a0\u00bb.<\/p>\n<h4><span style=\"color: #800000;\">\u00a0Mathieu A. (ECAM Lyon)<\/span><\/h4>\n<p>Je peux dire qu&rsquo;en \u00e9cole on demande un excellent niveau en anglais, c&rsquo;est \u00e9galement le cas dans les entreprises.<\/p>\n<h4><span style=\"color: #800000;\">\u00a0Paul-Elie K. (Centrale Lille)<\/span><\/h4>\n<p>Au final, je me plais ici, dans le nord, et je me sens parfaitement int\u00e9gr\u00e9. Je suis conscient que la pr\u00e9pa ATS a \u00e9t\u00e9 une v\u00e9ritable chance pour moi car c&rsquo;est gr\u00e2ce \u00e0 elle si j&rsquo;ai pu int\u00e9grer cette \u00e9cole.<\/p>\n<p>(\u2026) Cette ann\u00e9e pass\u00e9e \u00e0 B\u00e9ziers fut une ann\u00e9e exceptionnelle et je suis vraiment heureux d&rsquo;avoir pu int\u00e9grer cette classe.<\/p>\n<h4><span style=\"color: #800000;\">\u00a0Nicolas D. (ENSEA)<\/span><\/h4>\n<p>Certes, l\u2019ATS est une ann\u00e9e difficile qui demande une importante quantit\u00e9 de travail \u00e0 fournir avec parfois des r\u00e9sultats pas toujours \u00e0 la hauteur des attentes mais le jeu en vaut vraiment la chandelle.<\/p>\n<p>&nbsp;<\/p>\n","protected":false},"excerpt":{"rendered":"<p>Betty C. (ENS Cachan) La grande majorit\u00e9 des \u00e9tudiants de la promo vient de pr\u00e9pa PT et PSI (\u2026). Ce qui est certain, c&rsquo;est que jamais je n&rsquo;aurais pu int\u00e9grer l\u2019ENS et arriver \u00e0 suivre sans avoir fait la pr\u00e9pa &hellip; <a href=\"https:\/\/ats.sti-beziers.fr\/?page_id=58\">Continuer la lecture <span class=\"meta-nav\">&rarr;<\/span><\/a><\/p>\n","protected":false},"author":1,"featured_media":0,"parent":0,"menu_order":0,"comment_status":"closed","ping_status":"closed","template":"","meta":[],"_links":{"self":[{"href":"https:\/\/ats.sti-beziers.fr\/index.php?rest_route=\/wp\/v2\/pages\/58"}],"collection":[{"href":"https:\/\/ats.sti-beziers.fr\/index.php?rest_route=\/wp\/v2\/pages"}],"about":[{"href":"https:\/\/ats.sti-beziers.fr\/index.php?rest_route=\/wp\/v2\/types\/page"}],"author":[{"embeddable":true,"href":"https:\/\/ats.sti-beziers.fr\/index.php?rest_route=\/wp\/v2\/users\/1"}],"replies":[{"embeddable":true,"href":"https:\/\/ats.sti-beziers.fr\/index.php?rest_route=%2Fwp%2Fv2%2Fcomments&post=58"}],"version-history":[{"count":1,"href":"https:\/\/ats.sti-beziers.fr\/index.php?rest_route=\/wp\/v2\/pages\/58\/revisions"}],"predecessor-version":[{"id":59,"href":"https:\/\/ats.sti-beziers.fr\/index.php?rest_route=\/wp\/v2\/pages\/58\/revisions\/59"}],"wp:attachment":[{"href":"https:\/\/ats.sti-beziers.fr\/index.php?rest_route=%2Fwp%2Fv2%2Fmedia&parent=58"}],"curies":[{"name":"wp","href":"https:\/\/api.w.org\/{rel}","templated":true}]}}