{"id":53,"date":"2013-10-28T21:18:09","date_gmt":"2013-10-28T20:18:09","guid":{"rendered":"http:\/\/sti-beziers.fr\/ats-wp\/?page_id=53"},"modified":"2022-12-10T14:56:12","modified_gmt":"2022-12-10T13:56:12","slug":"resultats","status":"publish","type":"page","link":"https:\/\/ats.sti-beziers.fr\/?page_id=53","title":{"rendered":"R\u00e9sultats"},"content":{"rendered":"<p>Depuis 2011, la majeure partie des \u00e9tudiants de la classe ATS de B\u00e9ziers ont \u00e9t\u00e9 admis dans une \u00e9cole d\u2019ing\u00e9nieur : Centrale Paris, ENS Cachan, ENSAM, Centrale Nantes, Centrale Lille, ENAC, ENSEA, Mines d\u2019Ales, EPMI, ESIX, Polytech, ITII, CESI\u2026<\/p>\n<p style=\"text-align: center;\"><a href=\"http:\/\/ats.sti-beziers.fr\/wp-content\/uploads\/2014\/01\/logo-ecoles.jpg\"><img loading=\"lazy\" class=\" wp-image-106 aligncenter\" src=\"http:\/\/ats.sti-beziers.fr\/wp-content\/uploads\/2014\/01\/logo-ecoles.jpg\" alt=\"logo-ecoles\" width=\"560\" height=\"296\" srcset=\"https:\/\/ats.sti-beziers.fr\/wp-content\/uploads\/2014\/01\/logo-ecoles.jpg 800w, https:\/\/ats.sti-beziers.fr\/wp-content\/uploads\/2014\/01\/logo-ecoles-300x158.jpg 300w\" sizes=\"(max-width: 560px) 100vw, 560px\" \/><\/a><\/p>\n<p>Ces excellents r\u00e9sultats sont conformes aux tr\u00e8s bonnes performances de la classe ATS observ\u00e9es au plan national.<\/p>\n<p>Statistiques des r\u00e9sultats des \u00e9tudiants d&rsquo;ATS de toute la France (donn\u00e9es recueillies par l&rsquo;UPS, Union des Professeurs de classes pr\u00e9paratoires Scientifiques):<\/p>\n<table style=\"height: 82px; width: 0%;\" border=\"0\">\n<tbody>\n<tr style=\"height: 24px;\">\n<td style=\"height: 24px; width: 91.7405%;\"><\/td>\n<td style=\"height: 24px; width: 14.2188%;\"><span style=\"color: #800000;\">2018<\/span><\/td>\n<td style=\"height: 24px; width: 14.6875%;\"><span style=\"color: #800000;\">2019<\/span><\/td>\n<td style=\"height: 24px; width: 57.9455%;\"><span style=\"color: #800000;\">2020<br \/>\n<\/span><\/td>\n<td style=\"height: 24px; width: 14.6875%;\"><span style=\"color: #800000;\">2021<\/span><\/td>\n<td style=\"height: 24px; width: 57.9455%;\"><span style=\"color: #800000;\">2022<br \/>\n<\/span><\/td>\n<\/tr>\n<tr style=\"height: 24px;\">\n<td style=\"height: 24px; width: 91.7405%;\"><span style=\"color: #800000;\">Int\u00e8grent une \u00e9cole d&rsquo;ing\u00e9nieur<br \/>\n<\/span><\/td>\n<td style=\"height: 24px; width: 14.2188%;\">91,3%<\/td>\n<td style=\"height: 24px; width: 14.6875%;\">88,6%<\/td>\n<td style=\"height: 24px; width: 57.9455%;\">88.6%<\/td>\n<td style=\"height: 24px; width: 14.6875%;\">82%<\/td>\n<td style=\"height: 24px; width: 57.9455%;\">92%<\/td>\n<\/tr>\n<tr style=\"height: 10px;\">\n<td style=\"height: 10px; width: 91.7405%;\"><span style=\"color: #800000;\">Int\u00e8grent une universit\u00e9<br \/>\n<\/span><\/td>\n<td style=\"height: 10px; width: 14.2188%;\">4,4%<\/td>\n<td style=\"height: 10px; width: 14.6875%;\">4,5%<\/td>\n<td style=\"height: 10px; width: 57.9455%;\">4.5%<\/td>\n<td style=\"height: 10px; width: 14.6875%;\">14,3%<\/td>\n<td style=\"height: 10px; width: 57.9455%;\">4%<\/td>\n<\/tr>\n<tr style=\"height: 24px;\">\n<td style=\"height: 24px; width: 91.7405%;\"><span style=\"color: #800000;\">Autre<\/span><\/td>\n<td style=\"height: 24px; width: 14.2188%;\">4,4 %<\/td>\n<td style=\"height: 24px; width: 14.6875%;\">6,9%<\/td>\n<td style=\"height: 24px; width: 57.9455%;\">6.9%<\/td>\n<td style=\"height: 24px; width: 14.6875%;\">3,7%<\/td>\n<td style=\"height: 24px; width: 57.9455%;\">4%<\/td>\n<\/tr>\n<\/tbody>\n<\/table>\n<p>&nbsp;<\/p>\n<p>&nbsp;<\/p>\n<p>&nbsp;<\/p>\n","protected":false},"excerpt":{"rendered":"<p>Depuis 2011, la majeure partie des \u00e9tudiants de la classe ATS de B\u00e9ziers ont \u00e9t\u00e9 admis dans une \u00e9cole d\u2019ing\u00e9nieur : Centrale Paris, ENS Cachan, ENSAM, Centrale Nantes, Centrale Lille, ENAC, ENSEA, Mines d\u2019Ales, EPMI, ESIX, Polytech, ITII, CESI\u2026 Ces &hellip; <a href=\"https:\/\/ats.sti-beziers.fr\/?page_id=53\">Continuer la lecture <span class=\"meta-nav\">&rarr;<\/span><\/a><\/p>\n","protected":false},"author":1,"featured_media":0,"parent":0,"menu_order":0,"comment_status":"closed","ping_status":"closed","template":"","meta":[],"_links":{"self":[{"href":"https:\/\/ats.sti-beziers.fr\/index.php?rest_route=\/wp\/v2\/pages\/53"}],"collection":[{"href":"https:\/\/ats.sti-beziers.fr\/index.php?rest_route=\/wp\/v2\/pages"}],"about":[{"href":"https:\/\/ats.sti-beziers.fr\/index.php?rest_route=\/wp\/v2\/types\/page"}],"author":[{"embeddable":true,"href":"https:\/\/ats.sti-beziers.fr\/index.php?rest_route=\/wp\/v2\/users\/1"}],"replies":[{"embeddable":true,"href":"https:\/\/ats.sti-beziers.fr\/index.php?rest_route=%2Fwp%2Fv2%2Fcomments&post=53"}],"version-history":[{"count":14,"href":"https:\/\/ats.sti-beziers.fr\/index.php?rest_route=\/wp\/v2\/pages\/53\/revisions"}],"predecessor-version":[{"id":6378,"href":"https:\/\/ats.sti-beziers.fr\/index.php?rest_route=\/wp\/v2\/pages\/53\/revisions\/6378"}],"wp:attachment":[{"href":"https:\/\/ats.sti-beziers.fr\/index.php?rest_route=%2Fwp%2Fv2%2Fmedia&parent=53"}],"curies":[{"name":"wp","href":"https:\/\/api.w.org\/{rel}","templated":true}]}}