{"id":50,"date":"2013-10-28T20:37:24","date_gmt":"2013-10-28T19:37:24","guid":{"rendered":"http:\/\/sti-beziers.fr\/ats-wp\/?page_id=50"},"modified":"2025-11-05T14:29:00","modified_gmt":"2025-11-05T13:29:00","slug":"debouches","status":"publish","type":"page","link":"https:\/\/ats.sti-beziers.fr\/?page_id=50","title":{"rendered":"D\u00e9bouch\u00e9s"},"content":{"rendered":"<h3><span style=\"color: #800000;\">Concours ATS G\u00e9nie Industriel<br \/>\n<\/span><\/h3>\n<ul>\n<li>C&rsquo;est un concours r\u00e9serv\u00e9 aux \u00e9tudiants de la fili\u00e8re ATS Ing\u00e9nierie Industrielle. Il est organis\u00e9 par l&rsquo;ENSAM et permet d&rsquo;acc\u00e9der \u00e0 environ quarante \u00e9coles d&rsquo;ing\u00e9nieurs.<\/li>\n<li>Les modalit\u00e9s de ce concours, les sujets des \u00e9preuves et les rapports de jury sont disponibles\u00a0 <a href=\"https:\/\/www.concoursats.fr\/\">ici<\/a><\/li>\n<\/ul>\n<h3><span style=\"color: #800000;\">Autres possibilit\u00e9s d&rsquo;int\u00e9grer une \u00e9cole<\/span> :<\/h3>\n<p>\u2022 Recrutement sur dossier et entretien \u00e9ventuel pour environ 150 \u00e9coles : Mines, INSA, UTC, UTBM, UTT, ENI.\u2026<\/p>\n<p>\u2022 Quelques \u00e9coles organisent leurs propres concours : ENAC, ESGT, CESI, ICNA, EIA, EIGSI&#8230;<\/p>\n<p>&nbsp;<\/p>\n<h3><\/h3>\n<p>&nbsp;<\/p>\n<p>&nbsp;<\/p>\n<p>&nbsp;<\/p>\n","protected":false},"excerpt":{"rendered":"<p>Concours ATS G\u00e9nie Industriel C&rsquo;est un concours r\u00e9serv\u00e9 aux \u00e9tudiants de la fili\u00e8re ATS Ing\u00e9nierie Industrielle. Il est organis\u00e9 par l&rsquo;ENSAM et permet d&rsquo;acc\u00e9der \u00e0 environ quarante \u00e9coles d&rsquo;ing\u00e9nieurs. Les modalit\u00e9s de ce concours, les sujets des \u00e9preuves et les &hellip; <a href=\"https:\/\/ats.sti-beziers.fr\/?page_id=50\">Continuer la lecture <span class=\"meta-nav\">&rarr;<\/span><\/a><\/p>\n","protected":false},"author":1,"featured_media":0,"parent":0,"menu_order":0,"comment_status":"closed","ping_status":"closed","template":"","meta":[],"_links":{"self":[{"href":"https:\/\/ats.sti-beziers.fr\/index.php?rest_route=\/wp\/v2\/pages\/50"}],"collection":[{"href":"https:\/\/ats.sti-beziers.fr\/index.php?rest_route=\/wp\/v2\/pages"}],"about":[{"href":"https:\/\/ats.sti-beziers.fr\/index.php?rest_route=\/wp\/v2\/types\/page"}],"author":[{"embeddable":true,"href":"https:\/\/ats.sti-beziers.fr\/index.php?rest_route=\/wp\/v2\/users\/1"}],"replies":[{"embeddable":true,"href":"https:\/\/ats.sti-beziers.fr\/index.php?rest_route=%2Fwp%2Fv2%2Fcomments&post=50"}],"version-history":[{"count":10,"href":"https:\/\/ats.sti-beziers.fr\/index.php?rest_route=\/wp\/v2\/pages\/50\/revisions"}],"predecessor-version":[{"id":9870,"href":"https:\/\/ats.sti-beziers.fr\/index.php?rest_route=\/wp\/v2\/pages\/50\/revisions\/9870"}],"wp:attachment":[{"href":"https:\/\/ats.sti-beziers.fr\/index.php?rest_route=%2Fwp%2Fv2%2Fmedia&parent=50"}],"curies":[{"name":"wp","href":"https:\/\/api.w.org\/{rel}","templated":true}]}}