{"id":4575,"date":"2021-08-16T19:39:06","date_gmt":"2021-08-16T18:39:06","guid":{"rendered":"https:\/\/ats.sti-beziers.fr\/?page_id=4575"},"modified":"2025-08-30T14:14:09","modified_gmt":"2025-08-30T13:14:09","slug":"sii","status":"publish","type":"page","link":"https:\/\/ats.sti-beziers.fr\/?page_id=4575","title":{"rendered":"SII"},"content":{"rendered":"<p>Programme de SII : <a href=\"https:\/\/ats.sti-beziers.fr\/wp-content\/uploads\/2025\/08\/SII.pdf\" target=\"_blank\" rel=\"noopener\">SII 2025<\/a><\/p>\n<p>SII \u2013 G\u00e9nie M\u00e9canique<\/p>\n<ul>\n<li style=\"list-style-type: none;\">\n<ul>\n<li><a href=\"https:\/\/ats.sti-beziers.fr\/?page_id=9448\">Cours et TD<\/a><\/li>\n<li><a href=\"https:\/\/ats.sti-beziers.fr\/?page_id=9455\">Programme de colles<\/a><\/li>\n<li>Pr\u00e9paration \u00e0 l&rsquo;oral<\/li>\n<\/ul>\n<\/li>\n<\/ul>\n<p><a href=\"https:\/\/ats.sti-beziers.fr\/?page_id=4567\">SII \u2013 G\u00e9nie \u00e9lectrique<\/a><\/p>\n<p><a href=\"https:\/\/ats.sti-beziers.fr\/?page_id=3229\">Syst\u00e8mes du labo SII<\/a><\/p>\n<p>&nbsp;<\/p>\n","protected":false},"excerpt":{"rendered":"<p>Programme de SII : SII 2025 SII \u2013 G\u00e9nie M\u00e9canique Cours et TD Programme de colles Pr\u00e9paration \u00e0 l&rsquo;oral SII \u2013 G\u00e9nie \u00e9lectrique Syst\u00e8mes du labo SII &nbsp;<\/p>\n","protected":false},"author":8,"featured_media":0,"parent":0,"menu_order":0,"comment_status":"closed","ping_status":"closed","template":"","meta":[],"_links":{"self":[{"href":"https:\/\/ats.sti-beziers.fr\/index.php?rest_route=\/wp\/v2\/pages\/4575"}],"collection":[{"href":"https:\/\/ats.sti-beziers.fr\/index.php?rest_route=\/wp\/v2\/pages"}],"about":[{"href":"https:\/\/ats.sti-beziers.fr\/index.php?rest_route=\/wp\/v2\/types\/page"}],"author":[{"embeddable":true,"href":"https:\/\/ats.sti-beziers.fr\/index.php?rest_route=\/wp\/v2\/users\/8"}],"replies":[{"embeddable":true,"href":"https:\/\/ats.sti-beziers.fr\/index.php?rest_route=%2Fwp%2Fv2%2Fcomments&post=4575"}],"version-history":[{"count":16,"href":"https:\/\/ats.sti-beziers.fr\/index.php?rest_route=\/wp\/v2\/pages\/4575\/revisions"}],"predecessor-version":[{"id":9460,"href":"https:\/\/ats.sti-beziers.fr\/index.php?rest_route=\/wp\/v2\/pages\/4575\/revisions\/9460"}],"wp:attachment":[{"href":"https:\/\/ats.sti-beziers.fr\/index.php?rest_route=%2Fwp%2Fv2%2Fmedia&parent=4575"}],"curies":[{"name":"wp","href":"https:\/\/api.w.org\/{rel}","templated":true}]}}