{"id":25,"date":"2013-09-30T12:41:45","date_gmt":"2013-09-30T11:41:45","guid":{"rendered":"http:\/\/sti-beziers.fr\/ats-wp\/?page_id=25"},"modified":"2022-01-19T10:09:28","modified_gmt":"2022-01-19T09:09:28","slug":"vie-pratique","status":"publish","type":"page","link":"https:\/\/ats.sti-beziers.fr\/?page_id=25","title":{"rendered":"Nous contacter"},"content":{"rendered":"\n<p><strong>Cit\u00e9 scolaire Jean Moulin<\/strong><\/p>\n<p>Avenue des Martyrs de la R\u00e9sistance<br \/>\nBP 745<br \/>\n34521 BEZIERS Cedex<br \/>\nT\u00e9l\u00e9phone\u00a0: 04 67 35 58 92<br \/>\nT\u00e9l\u00e9copie\u00a0: 04 67 35 59 39<\/p>\n<p>Mail : <a href=\"mailto:Severine.Bernadat@ac-montpellier.fr\">Severine.Bernadat@ac-montpellier.fr<\/a><\/p>\n<p><a href=\"http:\/\/sti-beziers.fr\/ats-wp\/wp-content\/uploads\/2013\/09\/atelier.jpg\"><img loading=\"lazy\" class=\"alignnone size-medium wp-image-30\" src=\"http:\/\/sti-beziers.fr\/ats-wp\/wp-content\/uploads\/2013\/09\/atelier-300x119.jpg\" alt=\"atelier\" width=\"300\" height=\"119\" srcset=\"https:\/\/ats.sti-beziers.fr\/wp-content\/uploads\/2013\/09\/atelier-300x119.jpg 300w, https:\/\/ats.sti-beziers.fr\/wp-content\/uploads\/2013\/09\/atelier.jpg 409w\" sizes=\"(max-width: 300px) 100vw, 300px\" \/><\/a><\/p>\n<p>&nbsp;<\/p>\n","protected":false},"excerpt":{"rendered":"<p>Cit\u00e9 scolaire Jean Moulin Avenue des Martyrs de la R\u00e9sistance BP 745 34521 BEZIERS Cedex T\u00e9l\u00e9phone\u00a0: 04 67 35 58 92 T\u00e9l\u00e9copie\u00a0: 04 67 35 59 39 Mail : Severine.Bernadat@ac-montpellier.fr &nbsp;<\/p>\n","protected":false},"author":1,"featured_media":0,"parent":0,"menu_order":0,"comment_status":"closed","ping_status":"open","template":"","meta":[],"_links":{"self":[{"href":"https:\/\/ats.sti-beziers.fr\/index.php?rest_route=\/wp\/v2\/pages\/25"}],"collection":[{"href":"https:\/\/ats.sti-beziers.fr\/index.php?rest_route=\/wp\/v2\/pages"}],"about":[{"href":"https:\/\/ats.sti-beziers.fr\/index.php?rest_route=\/wp\/v2\/types\/page"}],"author":[{"embeddable":true,"href":"https:\/\/ats.sti-beziers.fr\/index.php?rest_route=\/wp\/v2\/users\/1"}],"replies":[{"embeddable":true,"href":"https:\/\/ats.sti-beziers.fr\/index.php?rest_route=%2Fwp%2Fv2%2Fcomments&post=25"}],"version-history":[{"count":26,"href":"https:\/\/ats.sti-beziers.fr\/index.php?rest_route=\/wp\/v2\/pages\/25\/revisions"}],"predecessor-version":[{"id":5298,"href":"https:\/\/ats.sti-beziers.fr\/index.php?rest_route=\/wp\/v2\/pages\/25\/revisions\/5298"}],"wp:attachment":[{"href":"https:\/\/ats.sti-beziers.fr\/index.php?rest_route=%2Fwp%2Fv2%2Fmedia&parent=25"}],"curies":[{"name":"wp","href":"https:\/\/api.w.org\/{rel}","templated":true}]}}