{"id":173,"date":"2014-09-29T07:25:41","date_gmt":"2014-09-29T06:25:41","guid":{"rendered":"http:\/\/ats.sti-beziers.fr\/?page_id=173"},"modified":"2017-09-09T09:16:30","modified_gmt":"2017-09-09T08:16:30","slug":"le-metier-dingenieur","status":"publish","type":"page","link":"https:\/\/ats.sti-beziers.fr\/?page_id=173","title":{"rendered":"Le m\u00e9tier d&rsquo;ing\u00e9nieur"},"content":{"rendered":"<p>Pr\u00e9sentation des diff\u00e9rents m\u00e9tiers (article de l&rsquo;Usine Nouvelle) :\u00a0<a href=\"https:\/\/www.dropbox.com\/s\/y9c4r2qvq9ewprl\/usine%20nouvelle%202016-2.pdf?dl=1\"><img loading=\"lazy\" class=\"alignnone wp-image-141 size-full\" src=\"http:\/\/ats.sti-beziers.fr\/wp-content\/uploads\/2014\/09\/logo-pdf.png\" alt=\"logo-pdf\" width=\"52\" height=\"52\" \/><\/a><\/p>\n","protected":false},"excerpt":{"rendered":"<p>Pr\u00e9sentation des diff\u00e9rents m\u00e9tiers (article de l&rsquo;Usine Nouvelle) :\u00a0<\/p>\n","protected":false},"author":1,"featured_media":0,"parent":0,"menu_order":0,"comment_status":"closed","ping_status":"closed","template":"","meta":[],"_links":{"self":[{"href":"https:\/\/ats.sti-beziers.fr\/index.php?rest_route=\/wp\/v2\/pages\/173"}],"collection":[{"href":"https:\/\/ats.sti-beziers.fr\/index.php?rest_route=\/wp\/v2\/pages"}],"about":[{"href":"https:\/\/ats.sti-beziers.fr\/index.php?rest_route=\/wp\/v2\/types\/page"}],"author":[{"embeddable":true,"href":"https:\/\/ats.sti-beziers.fr\/index.php?rest_route=\/wp\/v2\/users\/1"}],"replies":[{"embeddable":true,"href":"https:\/\/ats.sti-beziers.fr\/index.php?rest_route=%2Fwp%2Fv2%2Fcomments&post=173"}],"version-history":[{"count":3,"href":"https:\/\/ats.sti-beziers.fr\/index.php?rest_route=\/wp\/v2\/pages\/173\/revisions"}],"predecessor-version":[{"id":658,"href":"https:\/\/ats.sti-beziers.fr\/index.php?rest_route=\/wp\/v2\/pages\/173\/revisions\/658"}],"wp:attachment":[{"href":"https:\/\/ats.sti-beziers.fr\/index.php?rest_route=%2Fwp%2Fv2%2Fmedia&parent=173"}],"curies":[{"name":"wp","href":"https:\/\/api.w.org\/{rel}","templated":true}]}}