{"id":160,"date":"2014-09-27T09:27:20","date_gmt":"2014-09-27T08:27:20","guid":{"rendered":"http:\/\/ats.sti-beziers.fr\/?page_id=160"},"modified":"2025-11-28T16:55:26","modified_gmt":"2025-11-28T15:55:26","slug":"liste-ecoles","status":"publish","type":"page","link":"https:\/\/ats.sti-beziers.fr\/?page_id=160","title":{"rendered":"Liste \u00e9coles"},"content":{"rendered":"<p>De nombreuses \u00e9coles d\u2019ing\u00e9nieurs peuvent recruter des \u00e9tudiants des classes ATS. On y trouve toute la diversit\u00e9 des \u00e9coles d\u2019ing\u00e9nieurs fran\u00e7aises :<\/p>\n<ul>\n<li>les \u00e9coles prestigieuses et les \u00e9coles plus modestes<\/li>\n<li>les \u00e9coles g\u00e9n\u00e9ralistes et les \u00e9coles plus sp\u00e9cialis\u00e9es<\/li>\n<li>les \u00e9coles pr\u00e9parant un dipl\u00f4me sous statut \u00e9tudiant\/ par la voie de l&rsquo;apprentissage<\/li>\n<li>les \u00e9coles \u00e0 frais d&rsquo;inscription universitaires et les \u00e9coles \u00e0 frais d&rsquo;inscription plus \u00e9lev\u00e9s<\/li>\n<\/ul>\n<p>Le choix des \u00e9coles auxquelles vous allez vous pr\u00e9senter conditionne grandement vos chances\u00a0de r\u00e9ussite et \u00e0 plus long terme votre vie professionnelle. Au-del\u00e0 de l\u2019indispensable travail\u00a0scolaire que vous accomplissez pendant cette ann\u00e9e, le choix -hautement strat\u00e9gique- des\u00a0\u00e9coles doit \u00eatre fait avec soin.<br \/>\nVous trouverez ci-dessous quelques conseils et des listes d&rsquo;\u00e9coles.<\/p>\n<p>De nombreux renseignements sont disponibles <a href=\"https:\/\/prepas-ats.org\/index.php?entree=etudiantsATS\">ici<\/a><\/p>\n<p>Informations sur la session 2026 du concours ATS:\u00a0\u00a0 <a href=\"https:\/\/www.concoursats.fr\">site du concours ATS <\/a>\/<a href=\"https:\/\/ats.sti-beziers.fr\/wp-content\/uploads\/2025\/10\/communication_evolution_concours_ATS.pdf\">communication_evolution_concours_ATS<\/a> \u00a0\u00a0\u00a0\u00a0 <a href=\"https:\/\/ats.sti-beziers.fr\/wp-content\/uploads\/2025\/10\/Informations-sur-la-session-2026-du-concours-ATS.pdf\">r\u00e9sum\u00e9 des Infos<\/a><\/p>\n<h2>Listes d&rsquo;\u00e9coles<\/h2>\n<table style=\"width: 124.688%; height: 120px;\">\n<tbody>\n<tr style=\"height: 24px;\">\n<td style=\"width: 92.1875%; height: 24px;\">\u00c9coles accessibles sur le concours ATS\u00a0 <span style=\"color: #ff0000;\">(version 2026)\u00a0\u00a0\u00a0 \u00a0 \u00a0 \u00a0 \u00a0 \u00a0 \u00a0 \u00a0 \u00a0 \u00a0 \u00a0 \u00a0 \u00a0 \u00a0 \u00a0 \u00a0 \u00a0 \u00a0 \u00a0 \u00a0 <a href=\"https:\/\/ats.sti-beziers.fr\/wp-content\/uploads\/2025\/11\/Liste-2025-ats.pdf\">ici<\/a><br \/>\n<\/span><\/td>\n<td style=\"width: 31.2733%; height: 24px;\"><\/td>\n<\/tr>\n<tr style=\"height: 24px;\">\n<td style=\"width: 92.1875%; height: 24px;\"><\/td>\n<td style=\"width: 31.2733%; height: 24px;\"><\/td>\n<\/tr>\n<tr style=\"height: 24px;\">\n<td style=\"width: 92.1875%; height: 24px;\"><\/td>\n<td style=\"width: 31.2733%; height: 24px;\"><\/td>\n<\/tr>\n<tr style=\"height: 24px;\">\n<td style=\"width: 92.1875%; height: 24px;\">Liste des \u00e9coles int\u00e9gr\u00e9es par les anciens \u00e9tudiants (mise \u00e0 jour 10\/10\/25) \u00a0 <a href=\"https:\/\/ats.sti-beziers.fr\/wp-content\/uploads\/2025\/10\/Ecoles-par-Spe-BTS_DUT.pdf\">ici<\/a><\/td>\n<td style=\"width: 31.2733%; height: 24px;\"><\/td>\n<\/tr>\n<tr style=\"height: 24px;\">\n<td style=\"width: 92.1875%; height: 24px;\">Fiche aide au choix\u00a0\u00a0\u00a0\u00a0\u00a0\u00a0\u00a0\u00a0\u00a0\u00a0\u00a0\u00a0\u00a0\u00a0\u00a0\u00a0\u00a0\u00a0\u00a0\u00a0\u00a0\u00a0\u00a0\u00a0\u00a0\u00a0\u00a0\u00a0\u00a0\u00a0\u00a0\u00a0\u00a0\u00a0\u00a0\u00a0\u00a0\u00a0\u00a0\u00a0\u00a0\u00a0\u00a0\u00a0\u00a0\u00a0\u00a0\u00a0\u00a0\u00a0\u00a0\u00a0\u00a0\u00a0\u00a0\u00a0\u00a0\u00a0 \u00a0 \u00a0 \u00a0 \u00a0 \u00a0 \u00a0 \u00a0 \u00a0 \u00a0 \u00a0 \u00a0 \u00a0 \u00a0 \u00a0 \u00a0 \u00a0\u00a0 \u00a0\u00a0\u00a0\u00a0\u00a0\u00a0\u00a0 <a href=\"https:\/\/ats.sti-beziers.fr\/wp-content\/uploads\/2020\/09\/aide-choix-ecoles-2020.docx\">ici<\/a><\/td>\n<td style=\"width: 31.2733%; height: 24px;\"><\/td>\n<\/tr>\n<\/tbody>\n<\/table>\n<p>R\u00e9f\u00e9rent pour l&rsquo;aide au choix des \u00e9coles: chaque \u00e9tudiant devra envoyer la fiche \u00ab\u00a0aide au choix\u00a0\u00bb remplie \u00e0 son r\u00e9f\u00e9rent (au moins, mais vous pouvez l&rsquo;envoyer \u00e0 plusieurs professeurs!) entre novembre et d\u00e9cembre.<\/p>\n<p>groupes\u00a0 1, 2, 3 &#8211;&gt;\u00a0 Mme BERNADAT<\/p>\n<p>groupes\u00a0 4, 5, 6 &#8211;&gt;\u00a0 M. COCHARD<\/p>\n<p>groupes \u00a0 7,8 &#8211;&gt;\u00a0 M. CABAILLES<\/p>\n<p>groupes\u00a0 9, 10 &#8211;&gt;\u00a0 M. MARTY<\/p>\n<p>&nbsp;<\/p>\n<p>&nbsp;<\/p>\n","protected":false},"excerpt":{"rendered":"<p>De nombreuses \u00e9coles d\u2019ing\u00e9nieurs peuvent recruter des \u00e9tudiants des classes ATS. On y trouve toute la diversit\u00e9 des \u00e9coles d\u2019ing\u00e9nieurs fran\u00e7aises : les \u00e9coles prestigieuses et les \u00e9coles plus modestes les \u00e9coles g\u00e9n\u00e9ralistes et les \u00e9coles plus sp\u00e9cialis\u00e9es les \u00e9coles &hellip; <a href=\"https:\/\/ats.sti-beziers.fr\/?page_id=160\">Continuer la lecture <span class=\"meta-nav\">&rarr;<\/span><\/a><\/p>\n","protected":false},"author":1,"featured_media":0,"parent":0,"menu_order":0,"comment_status":"closed","ping_status":"closed","template":"","meta":[],"_links":{"self":[{"href":"https:\/\/ats.sti-beziers.fr\/index.php?rest_route=\/wp\/v2\/pages\/160"}],"collection":[{"href":"https:\/\/ats.sti-beziers.fr\/index.php?rest_route=\/wp\/v2\/pages"}],"about":[{"href":"https:\/\/ats.sti-beziers.fr\/index.php?rest_route=\/wp\/v2\/types\/page"}],"author":[{"embeddable":true,"href":"https:\/\/ats.sti-beziers.fr\/index.php?rest_route=\/wp\/v2\/users\/1"}],"replies":[{"embeddable":true,"href":"https:\/\/ats.sti-beziers.fr\/index.php?rest_route=%2Fwp%2Fv2%2Fcomments&post=160"}],"version-history":[{"count":62,"href":"https:\/\/ats.sti-beziers.fr\/index.php?rest_route=\/wp\/v2\/pages\/160\/revisions"}],"predecessor-version":[{"id":10026,"href":"https:\/\/ats.sti-beziers.fr\/index.php?rest_route=\/wp\/v2\/pages\/160\/revisions\/10026"}],"wp:attachment":[{"href":"https:\/\/ats.sti-beziers.fr\/index.php?rest_route=%2Fwp%2Fv2%2Fmedia&parent=160"}],"curies":[{"name":"wp","href":"https:\/\/api.w.org\/{rel}","templated":true}]}}