{"id":12,"date":"2013-09-23T20:12:11","date_gmt":"2013-09-23T19:12:11","guid":{"rendered":"http:\/\/sti-beziers.fr\/ats-wp\/?page_id=12"},"modified":"2025-08-28T15:41:23","modified_gmt":"2025-08-28T14:41:23","slug":"formation","status":"publish","type":"page","link":"https:\/\/ats.sti-beziers.fr\/?page_id=12","title":{"rendered":"Formation"},"content":{"rendered":"<p>Cette ann\u00e9e d&rsquo;\u00e9tudes en classe\u00a0pr\u00e9paratoire, sans redoublement possible, assure les bases fondamentales, n\u00e9cessaires \u00e0 la poursuite d&rsquo;une formation en cycle sup\u00e9rieur dans les grandes \u00e9coles.<\/p>\n<h3><span style=\"color: #800000;\">Horaires (cours + TD + TP)<\/span><\/h3>\n<table>\n<tbody>\n<tr>\n<td>Math\u00e9matiques<\/td>\n<td>10<\/td>\n<\/tr>\n<tr>\n<td>Physique<\/td>\n<td>10<\/td>\n<\/tr>\n<tr>\n<td>Sciences industrielles pour l&rsquo;ing\u00e9nieur<\/td>\n<td>7<\/td>\n<\/tr>\n<tr>\n<td>Anglais<\/td>\n<td>3<\/td>\n<\/tr>\n<tr>\n<td>Fran\u00e7ais Philo<\/td>\n<td>3<\/td>\n<\/tr>\n<tr>\n<td>Informatique<\/td>\n<td>1<\/td>\n<\/tr>\n<\/tbody>\n<\/table>\n<p>A ces horaires s\u2019ajoutent des activit\u00e9s qui permettent une meilleure pr\u00e9paration aux concours :<\/p>\n<ul style=\"list-style-type: circle;\">\n<li>des devoirs surveill\u00e9s en temps limit\u00e9 : le mercredi apr\u00e8s-midi<\/li>\n<li>des interrogations orales en Math\u00e9matiques, Sciences Physiques, Sciences Industrielles, Anglais, Fran\u00e7ais.<\/li>\n<\/ul>\n","protected":false},"excerpt":{"rendered":"<p>Cette ann\u00e9e d&rsquo;\u00e9tudes en classe\u00a0pr\u00e9paratoire, sans redoublement possible, assure les bases fondamentales, n\u00e9cessaires \u00e0 la poursuite d&rsquo;une formation en cycle sup\u00e9rieur dans les grandes \u00e9coles. Horaires (cours + TD + TP) Math\u00e9matiques 10 Physique 10 Sciences industrielles pour l&rsquo;ing\u00e9nieur 7 &hellip; <a href=\"https:\/\/ats.sti-beziers.fr\/?page_id=12\">Continuer la lecture <span class=\"meta-nav\">&rarr;<\/span><\/a><\/p>\n","protected":false},"author":1,"featured_media":0,"parent":0,"menu_order":0,"comment_status":"closed","ping_status":"closed","template":"","meta":[],"_links":{"self":[{"href":"https:\/\/ats.sti-beziers.fr\/index.php?rest_route=\/wp\/v2\/pages\/12"}],"collection":[{"href":"https:\/\/ats.sti-beziers.fr\/index.php?rest_route=\/wp\/v2\/pages"}],"about":[{"href":"https:\/\/ats.sti-beziers.fr\/index.php?rest_route=\/wp\/v2\/types\/page"}],"author":[{"embeddable":true,"href":"https:\/\/ats.sti-beziers.fr\/index.php?rest_route=\/wp\/v2\/users\/1"}],"replies":[{"embeddable":true,"href":"https:\/\/ats.sti-beziers.fr\/index.php?rest_route=%2Fwp%2Fv2%2Fcomments&post=12"}],"version-history":[{"count":9,"href":"https:\/\/ats.sti-beziers.fr\/index.php?rest_route=\/wp\/v2\/pages\/12\/revisions"}],"predecessor-version":[{"id":9425,"href":"https:\/\/ats.sti-beziers.fr\/index.php?rest_route=\/wp\/v2\/pages\/12\/revisions\/9425"}],"wp:attachment":[{"href":"https:\/\/ats.sti-beziers.fr\/index.php?rest_route=%2Fwp%2Fv2%2Fmedia&parent=12"}],"curies":[{"name":"wp","href":"https:\/\/api.w.org\/{rel}","templated":true}]}}