{"id":1169,"date":"2018-02-24T14:27:32","date_gmt":"2018-02-24T13:27:32","guid":{"rendered":"http:\/\/ats.sti-beziers.fr\/?page_id=1169"},"modified":"2024-06-18T16:39:04","modified_gmt":"2024-06-18T15:39:04","slug":"se-loger","status":"publish","type":"page","link":"https:\/\/ats.sti-beziers.fr\/?page_id=1169","title":{"rendered":"H\u00e9bergements"},"content":{"rendered":"<h2><\/h2>\n<h2>Internat<\/h2>\n<p>Prix de l\u2019internat (restauration+h\u00e9bergement):<\/p>\n<p>forfait 5 jours: 1284.25 \u20ac par an (payable par trimestre)<\/p>\n<p>forfait 6 jours (dimanche soir compris): 1345,29\u20ac par an (payable par trimestre)<\/p>\n<p>Visiter le\u00a0<a href=\"https:\/\/jean-moulin-beziers.mon-ent-occitanie.fr\/vie-de-l-etablissement\/internat\/\"> site<\/a><\/p>\n<table style=\"border-color: #000000;\">\n<tbody>\n<tr style=\"border-color: #000000; background-color: #e3dede;\">\n<td>Avantages<\/td>\n<td>Inconv\u00e9nients<\/td>\n<\/tr>\n<tr>\n<td>\n<ul>\n<li>Quelques chambres individuelles<\/li>\n<li>Travail en groupe en salle d&rsquo;\u00e9tudes<\/li>\n<li>Lib\u00e8re les \u00e9tudiants de beaucoup de contraintes mat\u00e9rielles<\/li>\n<li>Co\u00fbt faible<\/li>\n<\/ul>\n<\/td>\n<td>\n<ul>\n<li>Internat ferm\u00e9 les vendredi soir et samedi soir<\/li>\n<li>Contraintes li\u00e9es \u00e0 un internat<\/li>\n<\/ul>\n<\/td>\n<\/tr>\n<\/tbody>\n<\/table>\n<h2>Annonce du 18 juin 2024 pour un studio proche du lyc\u00e9e Jean Moulin<\/h2>\n<p><a href=\"https:\/\/ats.sti-beziers.fr\/wp-content\/uploads\/2024\/06\/studio-001.jpg\"><img loading=\"lazy\" class=\"alignnone size-medium wp-image-8236\" src=\"https:\/\/ats.sti-beziers.fr\/wp-content\/uploads\/2024\/06\/studio-001-218x300.jpg\" alt=\"\" width=\"218\" height=\"300\" srcset=\"https:\/\/ats.sti-beziers.fr\/wp-content\/uploads\/2024\/06\/studio-001-218x300.jpg 218w, https:\/\/ats.sti-beziers.fr\/wp-content\/uploads\/2024\/06\/studio-001-745x1024.jpg 745w, https:\/\/ats.sti-beziers.fr\/wp-content\/uploads\/2024\/06\/studio-001-768x1056.jpg 768w, https:\/\/ats.sti-beziers.fr\/wp-content\/uploads\/2024\/06\/studio-001-1117x1536.jpg 1117w, https:\/\/ats.sti-beziers.fr\/wp-content\/uploads\/2024\/06\/studio-001-1489x2048.jpg 1489w, https:\/\/ats.sti-beziers.fr\/wp-content\/uploads\/2024\/06\/studio-001.jpg 1700w\" sizes=\"(max-width: 218px) 100vw, 218px\" \/><\/a><\/p>\n<h2>Annonce du 23 mai 2023 pour 3 studios pour \u00e9tudiants dans le centre ville de B\u00e9ziers:<\/h2>\n<p><a href=\"https:\/\/ats.sti-beziers.fr\/wp-content\/uploads\/2023\/05\/Fiche-location-20-anciens-combattants-DEF.png\"><img loading=\"lazy\" class=\"alignnone size-medium wp-image-6980\" src=\"https:\/\/ats.sti-beziers.fr\/wp-content\/uploads\/2023\/05\/Fiche-location-20-anciens-combattants-DEF-212x300.png\" alt=\"\" width=\"212\" height=\"300\" srcset=\"https:\/\/ats.sti-beziers.fr\/wp-content\/uploads\/2023\/05\/Fiche-location-20-anciens-combattants-DEF-212x300.png 212w, https:\/\/ats.sti-beziers.fr\/wp-content\/uploads\/2023\/05\/Fiche-location-20-anciens-combattants-DEF-724x1024.png 724w, https:\/\/ats.sti-beziers.fr\/wp-content\/uploads\/2023\/05\/Fiche-location-20-anciens-combattants-DEF-768x1086.png 768w, https:\/\/ats.sti-beziers.fr\/wp-content\/uploads\/2023\/05\/Fiche-location-20-anciens-combattants-DEF-1086x1536.png 1086w, https:\/\/ats.sti-beziers.fr\/wp-content\/uploads\/2023\/05\/Fiche-location-20-anciens-combattants-DEF.png 1414w\" sizes=\"(max-width: 212px) 100vw, 212px\" \/><\/a><\/p>\n<h2>Foyer des jeunes travailleurs<\/h2>\n<p>Visiter le <a href=\"http:\/\/bhaj.fr\/\">site<\/a><\/p>\n<table style=\"border-color: #000000;\">\n<tbody>\n<tr style=\"background-color: #e3dede;\">\n<td>Avantages<\/td>\n<td>Inconv\u00e9nients<\/td>\n<\/tr>\n<tr>\n<td>\n<ul>\n<li>Proche lyc\u00e9e<\/li>\n<li>Co\u00fbt mod\u00e9r\u00e9<\/li>\n<li>Repas possibles sur place<\/li>\n<li>Foyer h\u00e9bergeant souvent plusieurs \u00e9tudiants de la classe<\/li>\n<\/ul>\n<\/td>\n<td>\n<ul>\n<li>Parfois bruyant<\/li>\n<\/ul>\n<\/td>\n<\/tr>\n<\/tbody>\n<\/table>\n<h2>R\u00e9sidence Suit\u00e9tudes Palo Alto B\u00e9ziers<\/h2>\n<p>Visiter le <a href=\"https:\/\/www.suitetudes.com\/residence-etudiante-palo-alto-beziers\" target=\"_blank\" rel=\"noopener noreferrer\">site<\/a><\/p>\n<table style=\"border-color: #000000;\">\n<tbody>\n<tr style=\"background-color: #e3dede;\">\n<td>Avantages<\/td>\n<td>Inconv\u00e9nients<\/td>\n<\/tr>\n<tr>\n<td>\n<ul>\n<li>Confort<\/li>\n<\/ul>\n<\/td>\n<td>\n<ul>\n<li>Contraintes mat\u00e9rielles (repas, etc.)<\/li>\n<\/ul>\n<\/td>\n<\/tr>\n<\/tbody>\n<\/table>\n<h2>Autres<\/h2>\n<p>Il existe de tr\u00e8s nombreux logements priv\u00e9s proches du lyc\u00e9e \u00e0 des prix mod\u00e9r\u00e9s.<\/p>\n<p><em><strong>Des propri\u00e9taires peuvent nous proposer des annonces :<\/strong><\/em><\/p>\n<table style=\"width: 100%; border-collapse: collapse; background-color: #e3dede;\">\n<tbody>\n<tr>\n<td style=\"width: 590px;\"><\/td>\n<\/tr>\n<\/tbody>\n<\/table>\n","protected":false},"excerpt":{"rendered":"<p>Internat Prix de l\u2019internat (restauration+h\u00e9bergement): forfait 5 jours: 1284.25 \u20ac par an (payable par trimestre) forfait 6 jours (dimanche soir compris): 1345,29\u20ac par an (payable par trimestre) Visiter le\u00a0 site Avantages Inconv\u00e9nients Quelques chambres individuelles Travail en groupe en salle &hellip; <a href=\"https:\/\/ats.sti-beziers.fr\/?page_id=1169\">Continuer la lecture <span class=\"meta-nav\">&rarr;<\/span><\/a><\/p>\n","protected":false},"author":1,"featured_media":0,"parent":0,"menu_order":0,"comment_status":"closed","ping_status":"closed","template":"","meta":[],"_links":{"self":[{"href":"https:\/\/ats.sti-beziers.fr\/index.php?rest_route=\/wp\/v2\/pages\/1169"}],"collection":[{"href":"https:\/\/ats.sti-beziers.fr\/index.php?rest_route=\/wp\/v2\/pages"}],"about":[{"href":"https:\/\/ats.sti-beziers.fr\/index.php?rest_route=\/wp\/v2\/types\/page"}],"author":[{"embeddable":true,"href":"https:\/\/ats.sti-beziers.fr\/index.php?rest_route=\/wp\/v2\/users\/1"}],"replies":[{"embeddable":true,"href":"https:\/\/ats.sti-beziers.fr\/index.php?rest_route=%2Fwp%2Fv2%2Fcomments&post=1169"}],"version-history":[{"count":25,"href":"https:\/\/ats.sti-beziers.fr\/index.php?rest_route=\/wp\/v2\/pages\/1169\/revisions"}],"predecessor-version":[{"id":8237,"href":"https:\/\/ats.sti-beziers.fr\/index.php?rest_route=\/wp\/v2\/pages\/1169\/revisions\/8237"}],"wp:attachment":[{"href":"https:\/\/ats.sti-beziers.fr\/index.php?rest_route=%2Fwp%2Fv2%2Fmedia&parent=1169"}],"curies":[{"name":"wp","href":"https:\/\/api.w.org\/{rel}","templated":true}]}}