{"id":10777,"date":"2026-05-12T07:04:19","date_gmt":"2026-05-12T06:04:19","guid":{"rendered":"https:\/\/ats.sti-beziers.fr\/?page_id=10777"},"modified":"2026-05-12T07:06:33","modified_gmt":"2026-05-12T06:06:33","slug":"sii-gm-prepa-oral-8","status":"publish","type":"page","link":"https:\/\/ats.sti-beziers.fr\/?page_id=10777","title":{"rendered":"SII &#8211; GM &#8211; Pr\u00e9pa oral"},"content":{"rendered":"<h1>Sujets d&rsquo;entra\u00eenement<\/h1>\n<h1>Conseils<\/h1>\n<table style=\"border-collapse: collapse; width: 100%; height: 24px;\">\n<tbody>\n<tr>\n<td style=\"width: 50%; height: 24px;\">Conseils pour l&rsquo;oral<\/td>\n<td style=\"width: 50%; text-align: center; height: 24px;\"><a href=\"https:\/\/e.pcloud.link\/publink\/show?code=XZ8z7tZ6CGqIP080kkusoUJpdXdSmHXD7R7\" target=\"_blank\" rel=\"noopener\"><img loading=\"lazy\" class=\"wp-image-141 alignnone\" src=\"http:\/\/ats.sti-beziers.fr\/wp-content\/uploads\/2014\/09\/logo-pdf.png\" alt=\"logo-pdf\" width=\"40\" height=\"40\" \/><\/a><\/td>\n<\/tr>\n<\/tbody>\n<\/table>\n<h2>En cours<\/h2>\n<table style=\"width: 100%; height: 135px;\">\n<tbody>\n<tr style=\"background-color: #63aae0; height: 24px;\">\n<td style=\"width: 10%; height: 24px; text-align: center;\"><strong>Date<\/strong><\/td>\n<td style=\"width: 31.1719%; height: 24px; text-align: center;\"><strong>Titre<\/strong><\/td>\n<td style=\"width: 3.6719%; text-align: center; height: 24px;\"><strong>Ann\u00e9e<\/strong><\/td>\n<td style=\"width: 20.9375%; height: 24px; text-align: center;\"><strong>Sujet<\/strong><\/td>\n<td style=\"width: 17.3438%; height: 24px; text-align: center;\"><strong>Corrig\u00e9<\/strong><\/td>\n<\/tr>\n<tr style=\"height: 24px;\">\n<td style=\"height: 10px; width: 10%; text-align: center;\">12\/05\/2025<\/td>\n<td style=\"height: 10px; width: 31.1719%; text-align: center;\">V\u00e9rin rotatif<\/td>\n<td style=\"width: 3.6719%; text-align: center; height: 10px;\"><\/td>\n<td style=\"height: 10px; width: 20.9375%; text-align: center;\"><a href=\"https:\/\/e.pcloud.link\/publink\/show?code=XZYz7tZmlSJHgX2CL71JdYu4LM3wSFuHb8V\" target=\"_blank\" rel=\"noopener\"><img loading=\"lazy\" class=\"wp-image-141 alignnone\" src=\"http:\/\/ats.sti-beziers.fr\/wp-content\/uploads\/2014\/09\/logo-pdf.png\" alt=\"logo-pdf\" width=\"40\" height=\"40\" \/><\/a><\/td>\n<td style=\"height: 10px; width: 17.3438%; text-align: center;\"><\/td>\n<\/tr>\n<tr style=\"height: 47px;\">\n<td style=\"width: 10%; text-align: center; height: 47px;\"><\/td>\n<td style=\"width: 31.1719%; height: 47px; text-align: center;\"><\/td>\n<td style=\"width: 3.6719%; text-align: center; height: 47px;\"><\/td>\n<td style=\"width: 20.9375%; height: 47px; text-align: center;\"><\/td>\n<td style=\"width: 17.3438%; height: 47px; text-align: center;\"><\/td>\n<\/tr>\n<tr style=\"height: 24px;\">\n<td style=\"width: 10%; height: 10px; text-align: center;\"><\/td>\n<td style=\"width: 31.1719%; height: 10px; text-align: center;\"><\/td>\n<td style=\"width: 3.6719%; text-align: center; height: 10px;\"><\/td>\n<td style=\"width: 20.9375%; height: 10px; text-align: center;\"><\/td>\n<td style=\"width: 17.3438%; height: 10px; text-align: center;\"><\/td>\n<\/tr>\n<tr style=\"height: 24px;\">\n<td style=\"width: 10%; height: 10px; text-align: center;\"><\/td>\n<td style=\"width: 31.1719%; text-align: center; height: 10px;\"><\/td>\n<td style=\"width: 3.6719%; text-align: center; height: 10px;\"><\/td>\n<td style=\"width: 20.9375%; text-align: center; height: 10px;\"><\/td>\n<td style=\"width: 17.3438%; text-align: center; height: 10px;\"><\/td>\n<\/tr>\n<tr style=\"height: 24px;\">\n<td style=\"width: 10%; text-align: center; height: 24px;\"><\/td>\n<td style=\"width: 31.1719%; text-align: center; height: 24px;\"><\/td>\n<td style=\"width: 3.6719%; text-align: center; height: 24px;\"><\/td>\n<td style=\"width: 20.9375%; text-align: center; height: 24px;\"><\/td>\n<td style=\"width: 17.3438%; text-align: center; height: 24px;\"><\/td>\n<\/tr>\n<tr style=\"height: 10px;\">\n<td style=\"width: 10%; text-align: center; height: 10px;\"><\/td>\n<td style=\"width: 31.1719%; text-align: center; height: 10px;\"><\/td>\n<td style=\"width: 3.6719%; text-align: center; height: 10px;\"><\/td>\n<td style=\"width: 20.9375%; text-align: center; height: 10px;\"><\/td>\n<td style=\"width: 17.3438%; text-align: center; height: 10px;\"><\/td>\n<\/tr>\n<\/tbody>\n<\/table>\n<h2>En interrogation<\/h2>\n<table style=\"width: 100%;\">\n<tbody>\n<tr style=\"background-color: #f5ac47; height: 24px;\">\n<td style=\"width: 1.5625%; height: 24px; text-align: center;\"><strong>Date<br \/>\n<\/strong><\/td>\n<td style=\"width: 81.89918%; height: 24px; text-align: center;\"><strong>Titre<\/strong><\/td>\n<td style=\"width: 11.40625%; text-align: center; height: 24px;\"><strong>Ann\u00e9e<\/strong><\/td>\n<td style=\"width: 15.4787%; text-align: center; height: 24px;\"><strong>Sujet<\/strong><\/td>\n<td style=\"width: 11.80885%; height: 24px; text-align: center;\"><strong>Corrig\u00e9<\/strong><\/td>\n<\/tr>\n<tr style=\"height: 47px;\">\n<td style=\"width: 1.5625%; height: 10px; text-align: center;\"><\/td>\n<td style=\"width: 81.89918%; height: 10px; text-align: center;\"><\/td>\n<td style=\"width: 11.40625%; text-align: center; height: 10px;\"><\/td>\n<td style=\"width: 15.4787%; text-align: center; height: 10px;\"><\/td>\n<td style=\"width: 11.80885%; height: 10px; text-align: center;\"><\/td>\n<\/tr>\n<tr style=\"height: 47px;\">\n<td style=\"width: 1.5625%; height: 10px; text-align: center;\"><\/td>\n<td style=\"width: 81.89918%; height: 10px; text-align: center;\"><\/td>\n<td style=\"width: 11.40625%; text-align: center; height: 10px;\"><\/td>\n<td style=\"width: 15.4787%; text-align: center; height: 10px;\"><\/td>\n<td style=\"width: 11.80885%; height: 10px; text-align: center;\"><\/td>\n<\/tr>\n<tr>\n<td style=\"width: 1.5625%; text-align: center;\"><\/td>\n<td style=\"width: 81.89918%; text-align: center;\"><\/td>\n<td style=\"width: 11.40625%; text-align: center;\"><\/td>\n<td style=\"width: 15.4787%; text-align: center;\"><\/td>\n<td style=\"width: 11.80885%; text-align: center;\"><\/td>\n<\/tr>\n<tr>\n<td style=\"width: 1.5625%; text-align: center;\"><\/td>\n<td style=\"width: 81.89918%; text-align: center;\"><\/td>\n<td style=\"width: 11.40625%; text-align: center;\"><\/td>\n<td style=\"width: 15.4787%; text-align: center;\"><\/td>\n<td style=\"width: 11.80885%; text-align: center;\"><\/td>\n<\/tr>\n<tr>\n<td style=\"width: 1.5625%; text-align: center;\"><\/td>\n<td style=\"width: 81.89918%; text-align: center;\"><\/td>\n<td style=\"width: 11.40625%; text-align: center;\"><\/td>\n<td style=\"width: 15.4787%; text-align: center;\"><\/td>\n<td style=\"width: 11.80885%; text-align: center;\"><\/td>\n<\/tr>\n<tr>\n<td style=\"width: 1.5625%; text-align: center;\"><\/td>\n<td style=\"width: 81.89918%; text-align: center;\"><\/td>\n<td style=\"width: 11.40625%; text-align: center;\"><\/td>\n<td style=\"width: 15.4787%; text-align: center;\"><\/td>\n<td style=\"width: 11.80885%; text-align: center;\"><\/td>\n<\/tr>\n<tr>\n<td style=\"width: 1.5625%; text-align: center;\"><\/td>\n<td style=\"width: 81.89918%; text-align: center;\"><\/td>\n<td style=\"width: 11.40625%; text-align: center;\"><\/td>\n<td style=\"width: 15.4787%; text-align: center;\"><\/td>\n<td style=\"width: 11.80885%; text-align: center;\"><\/td>\n<\/tr>\n<tr>\n<td style=\"width: 1.5625%; text-align: center;\"><\/td>\n<td style=\"width: 81.89918%; text-align: center;\"><\/td>\n<td style=\"width: 11.40625%; text-align: center;\"><\/td>\n<td style=\"width: 15.4787%; text-align: center;\"><\/td>\n<td style=\"width: 11.80885%; text-align: center;\"><\/td>\n<\/tr>\n<tr>\n<td style=\"width: 1.5625%; text-align: center;\"><\/td>\n<td style=\"width: 81.89918%; text-align: center;\"><\/td>\n<td style=\"width: 11.40625%; text-align: center;\"><\/td>\n<td style=\"width: 15.4787%; text-align: center;\"><\/td>\n<td style=\"width: 11.80885%; text-align: center;\"><\/td>\n<\/tr>\n<tr>\n<td style=\"width: 1.5625%; text-align: center;\"><\/td>\n<td style=\"width: 81.89918%; text-align: center;\"><\/td>\n<td style=\"width: 11.40625%; text-align: center;\"><\/td>\n<td style=\"width: 15.4787%; text-align: center;\"><\/td>\n<td style=\"width: 11.80885%; text-align: center;\"><\/td>\n<\/tr>\n<tr>\n<td style=\"width: 1.5625%; text-align: center;\"><\/td>\n<td style=\"width: 81.89918%; text-align: center;\"><\/td>\n<td style=\"width: 11.40625%; text-align: center;\"><\/td>\n<td style=\"width: 15.4787%; text-align: center;\"><\/td>\n<td style=\"width: 11.80885%; text-align: center;\"><\/td>\n<\/tr>\n<tr>\n<td style=\"width: 1.5625%; text-align: center;\"><\/td>\n<td style=\"width: 81.89918%; text-align: center;\"><\/td>\n<td style=\"width: 11.40625%; text-align: center;\"><\/td>\n<td style=\"width: 15.4787%; text-align: center;\"><\/td>\n<td style=\"width: 11.80885%; text-align: center;\"><\/td>\n<\/tr>\n<\/tbody>\n<\/table>\n","protected":false},"excerpt":{"rendered":"<p>Sujets d&rsquo;entra\u00eenement Conseils Conseils pour l&rsquo;oral En cours Date Titre Ann\u00e9e Sujet Corrig\u00e9 12\/05\/2025 V\u00e9rin rotatif En interrogation Date Titre Ann\u00e9e Sujet Corrig\u00e9<\/p>\n","protected":false},"author":8,"featured_media":0,"parent":0,"menu_order":0,"comment_status":"closed","ping_status":"closed","template":"","meta":[],"_links":{"self":[{"href":"https:\/\/ats.sti-beziers.fr\/index.php?rest_route=\/wp\/v2\/pages\/10777"}],"collection":[{"href":"https:\/\/ats.sti-beziers.fr\/index.php?rest_route=\/wp\/v2\/pages"}],"about":[{"href":"https:\/\/ats.sti-beziers.fr\/index.php?rest_route=\/wp\/v2\/types\/page"}],"author":[{"embeddable":true,"href":"https:\/\/ats.sti-beziers.fr\/index.php?rest_route=\/wp\/v2\/users\/8"}],"replies":[{"embeddable":true,"href":"https:\/\/ats.sti-beziers.fr\/index.php?rest_route=%2Fwp%2Fv2%2Fcomments&post=10777"}],"version-history":[{"count":3,"href":"https:\/\/ats.sti-beziers.fr\/index.php?rest_route=\/wp\/v2\/pages\/10777\/revisions"}],"predecessor-version":[{"id":10780,"href":"https:\/\/ats.sti-beziers.fr\/index.php?rest_route=\/wp\/v2\/pages\/10777\/revisions\/10780"}],"wp:attachment":[{"href":"https:\/\/ats.sti-beziers.fr\/index.php?rest_route=%2Fwp%2Fv2%2Fmedia&parent=10777"}],"curies":[{"name":"wp","href":"https:\/\/api.w.org\/{rel}","templated":true}]}}