{"id":10,"date":"2013-09-23T20:03:58","date_gmt":"2013-09-23T19:03:58","guid":{"rendered":"http:\/\/sti-beziers.fr\/ats-wp\/?page_id=10"},"modified":"2025-11-05T14:24:42","modified_gmt":"2025-11-05T13:24:42","slug":"presentation","status":"publish","type":"page","link":"https:\/\/ats.sti-beziers.fr\/","title":{"rendered":"Pr\u00e9sentation"},"content":{"rendered":"<h3><span style=\"color: #800000;\">Classe pr\u00e9paratoire aux Grandes \u00c9coles Scientifiques<\/span><\/h3>\n<p>La fili\u00e8re CPGE ATS (Adaptation Technicien Sup\u00e9rieur) Ing\u00e9nierie Industrielle constitue une voie d&rsquo;acc\u00e8s \u00e0 un nombre important de grandes \u00e9coles formant des ing\u00e9nieurs, des enseignants ou des chercheurs.<br \/>\nElle est ouverte aux \u00e9l\u00e8ves titulaires d&rsquo;un BTS , d&rsquo;un DUT, ou ayant valid\u00e9 leurs deux premi\u00e8res ann\u00e9es de BUT (candidature en ATS possible en BUT2).<br \/>\nElle leur offre la possibilit\u00e9 d&rsquo;une orientation nouvelle vers une carri\u00e8re valorisant leurs connaissances, leur motivation et leur sens des responsabilit\u00e9s.<\/p>\n<p>Retrouvez de nombreuses informations sur les CPGE ATS sur le site suivant:<\/p>\n<p><a href=\"https:\/\/prepas-ats.org\/\">https:\/\/prepas-ats.org\/<\/a><\/p>\n<h3><span style=\"color: #800000;\">Devenir Ing\u00e9nieur apr\u00e8s un BTS ou un BUT 2?<\/span><\/h3>\n<p>Vous \u00eates actuellement en train de pr\u00e9parer votre BTS ou en 2\u00e8me ann\u00e9e de BUT, et cela vous permet d\u2019envisager des m\u00e9tiers : Chef d\u2019\u00e9quipe, Conducteur travaux, Technicien, Programmeur &#8230;<br \/>\nMais si vous avez envie :<\/p>\n<ul>\n<li>d\u2019avoir des responsabilit\u00e9s ;<\/li>\n<li>de conna\u00eetre une importante \u00e9volution de carri\u00e8re et de salaire ;<\/li>\n<li>de participer activement \u00e0 de grands projets comme la construction d\u2019un ouvrage d\u2019art, la mise au point d\u2019un nouveau syst\u00e8me de r\u00e9seau de t\u00e9l\u00e9communication, la cr\u00e9ation d\u2019une nouvelle g\u00e9n\u00e9ration de robots, &#8230;<\/li>\n<\/ul>\n<p>N\u2019attendez pas, poursuivez vos \u00e9tudes.<br \/>\nL\u2019ATS est faite pour vous, c\u2019est une excellente passerelle vers un m\u00e9tier d\u2019ing\u00e9nieur.<\/p>\n<h3><span style=\"color: #800000;\">Qu\u2019est-ce qu\u2019un ing\u00e9nieur ?<\/span><\/h3>\n<p>L\u2019ing\u00e9nieur r\u00e9sout des probl\u00e8mes de nature technique en s\u2019appuyant sur des comp\u00e9tences scientifiques, \u00e9conomiques et humaines qu\u2019il a acquises durant sa formation.<\/p>\n<p>Innovation, Curiosit\u00e9, Cr\u00e9ativit\u00e9, Go\u00fbt du travail en \u00e9quipe, Adaptation sont les r\u00e9alit\u00e9s du m\u00e9tier d\u2019ing\u00e9nieur.<\/p>\n<p>La mondialisation, la prise en compte du d\u00e9veloppement durable, les d\u00e9fis des ressources naturelles et de l\u2019\u00e9nergie, sont autant de probl\u00e8mes complexes \u00e0 r\u00e9soudre.<\/p>\n<p>Les ing\u00e9nieurs ont un r\u00f4le fondamental \u00e0 jouer dans la soci\u00e9t\u00e9 d\u2019aujourd\u2019hui et de demain.<\/p>\n<p>&nbsp;<\/p>\n","protected":false},"excerpt":{"rendered":"<p>Classe pr\u00e9paratoire aux Grandes \u00c9coles Scientifiques La fili\u00e8re CPGE ATS (Adaptation Technicien Sup\u00e9rieur) Ing\u00e9nierie Industrielle constitue une voie d&rsquo;acc\u00e8s \u00e0 un nombre important de grandes \u00e9coles formant des ing\u00e9nieurs, des enseignants ou des chercheurs. Elle est ouverte aux \u00e9l\u00e8ves titulaires &hellip; <a href=\"https:\/\/ats.sti-beziers.fr\/\">Continuer la lecture <span class=\"meta-nav\">&rarr;<\/span><\/a><\/p>\n","protected":false},"author":1,"featured_media":0,"parent":0,"menu_order":0,"comment_status":"closed","ping_status":"closed","template":"","meta":[],"_links":{"self":[{"href":"https:\/\/ats.sti-beziers.fr\/index.php?rest_route=\/wp\/v2\/pages\/10"}],"collection":[{"href":"https:\/\/ats.sti-beziers.fr\/index.php?rest_route=\/wp\/v2\/pages"}],"about":[{"href":"https:\/\/ats.sti-beziers.fr\/index.php?rest_route=\/wp\/v2\/types\/page"}],"author":[{"embeddable":true,"href":"https:\/\/ats.sti-beziers.fr\/index.php?rest_route=\/wp\/v2\/users\/1"}],"replies":[{"embeddable":true,"href":"https:\/\/ats.sti-beziers.fr\/index.php?rest_route=%2Fwp%2Fv2%2Fcomments&post=10"}],"version-history":[{"count":23,"href":"https:\/\/ats.sti-beziers.fr\/index.php?rest_route=\/wp\/v2\/pages\/10\/revisions"}],"predecessor-version":[{"id":9869,"href":"https:\/\/ats.sti-beziers.fr\/index.php?rest_route=\/wp\/v2\/pages\/10\/revisions\/9869"}],"wp:attachment":[{"href":"https:\/\/ats.sti-beziers.fr\/index.php?rest_route=%2Fwp%2Fv2%2Fmedia&parent=10"}],"curies":[{"name":"wp","href":"https:\/\/api.w.org\/{rel}","templated":true}]}}